{"id":1175,"date":"2025-03-13T19:45:20","date_gmt":"2025-03-14T00:45:20","guid":{"rendered":"https:\/\/polomono.com\/?post_type=product&#038;p=1175"},"modified":"2025-03-14T21:02:29","modified_gmt":"2025-03-15T02:02:29","slug":"billetera","status":"publish","type":"product","link":"https:\/\/polomono.com\/es\/producto\/billetera\/","title":{"rendered":"Billetera"},"content":{"rendered":"<p>Una billetera es un\u00a0<b>peque\u00f1o estuche plano dise\u00f1ado para llevar objetos personales como efectivo, tarjetas de cr\u00e9dito, tarjetas de identificaci\u00f3n y otros peque\u00f1os objetos personales<\/b><\/p>\n<p>&nbsp;<\/p>\n","protected":false},"excerpt":{"rendered":"<p><img fetchpriority=\"high\" decoding=\"async\" class=\"alignnone size-full wp-image-1176\" src=\"https:\/\/polomono.com\/wp-content\/uploads\/2025\/03\/billetera.jpeg\" alt=\"\" width=\"225\" height=\"225\" srcset=\"https:\/\/polomono.com\/wp-content\/uploads\/2025\/03\/billetera.jpeg 225w, https:\/\/polomono.com\/wp-content\/uploads\/2025\/03\/billetera-150x150.jpeg 150w, https:\/\/polomono.com\/wp-content\/uploads\/2025\/03\/billetera-100x100.jpeg 100w, https:\/\/polomono.com\/wp-content\/uploads\/2025\/03\/billetera-96x96.jpeg 96w, https:\/\/polomono.com\/wp-content\/uploads\/2025\/03\/billetera-128x128.jpeg 128w\" sizes=\"(max-width: 225px) 100vw, 225px\" \/><\/p>\n","protected":false},"featured_media":1176,"comment_status":"open","ping_status":"closed","template":"","meta":{"_bst_post_transparent":"default","_bst_post_title":"","_bst_post_layout":"default","_bst_post_sidebar_id":"","_bst_post_content_style":"default","_bst_post_vertical_padding":"default","_bst_post_feature":"","_bst_post_feature_position":"","_bst_post_header":false,"_bst_post_footer":false},"product_brand":[],"product_cat":[116],"product_tag":[],"product_brands":[],"class_list":{"0":"post-1175","1":"product","2":"type-product","3":"status-publish","4":"has-post-thumbnail","6":"product_cat-accesorios","8":"first","9":"instock","10":"sale","11":"shipping-taxable","12":"purchasable","13":"product-type-simple","14":"entry","15":"content-bg","16":"loop-entry"},"_links":{"self":[{"href":"https:\/\/polomono.com\/es\/wp-json\/wp\/v2\/product\/1175","targetHints":{"allow":["GET"]}}],"collection":[{"href":"https:\/\/polomono.com\/es\/wp-json\/wp\/v2\/product"}],"about":[{"href":"https:\/\/polomono.com\/es\/wp-json\/wp\/v2\/types\/product"}],"replies":[{"embeddable":true,"href":"https:\/\/polomono.com\/es\/wp-json\/wp\/v2\/comments?post=1175"}],"version-history":[{"count":1,"href":"https:\/\/polomono.com\/es\/wp-json\/wp\/v2\/product\/1175\/revisions"}],"predecessor-version":[{"id":1179,"href":"https:\/\/polomono.com\/es\/wp-json\/wp\/v2\/product\/1175\/revisions\/1179"}],"wp:featuredmedia":[{"embeddable":true,"href":"https:\/\/polomono.com\/es\/wp-json\/wp\/v2\/media\/1176"}],"wp:attachment":[{"href":"https:\/\/polomono.com\/es\/wp-json\/wp\/v2\/media?parent=1175"}],"wp:term":[{"taxonomy":"product_brand","embeddable":true,"href":"https:\/\/polomono.com\/es\/wp-json\/wp\/v2\/product_brand?post=1175"},{"taxonomy":"product_cat","embeddable":true,"href":"https:\/\/polomono.com\/es\/wp-json\/wp\/v2\/product_cat?post=1175"},{"taxonomy":"product_tag","embeddable":true,"href":"https:\/\/polomono.com\/es\/wp-json\/wp\/v2\/product_tag?post=1175"},{"taxonomy":"product_brands","embeddable":true,"href":"https:\/\/polomono.com\/es\/wp-json\/wp\/v2\/product_brands?post=1175"}],"curies":[{"name":"wp","href":"https:\/\/api.w.org\/{rel}","templated":true}]}}